{"id":2,"date":"2023-04-13T07:43:40","date_gmt":"2023-04-13T07:43:40","guid":{"rendered":"https:\/\/golden-betonfraesen.de\/?page_id=2"},"modified":"2023-04-30T17:27:44","modified_gmt":"2023-04-30T17:27:44","slug":"ueber-uns","status":"publish","type":"page","link":"https:\/\/golden-betonfraesen.de\/index.php\/ueber-uns\/","title":{"rendered":"\u00fcber uns"},"content":{"rendered":"\n<p><strong>Wir begr\u00fc\u00dfen unsere lieben Kunden und danken Ihnen f\u00fcr Ihren Besuch auf unserer Website.<\/strong><\/p>\n\n\n\n<p><strong>Golden Betonfr\u00e4sen ist eine Oberfl\u00e4chentechnikfirma in K\u00f6ln, das von Herrn Souratgar in der Untergrundvorbehandlung im Bauwesen gef\u00fchrt wird.<\/strong><\/p>\n\n\n\n<p><strong>Unsere mehr als 10-j\u00e4hrige Berufserfahrung erm\u00f6glicht es uns, mit all unserer Kraft und mit detaillierter Planung und au\u00dferordentlicher Flexibilit\u00e4t zusammen mit unseren fachkundigen Mitarbeitern immer die erste Wahl Ihrer lieben Kunden zu sein<\/strong><\/p>\n\n\n\n<p><strong>Einsatzorte sind vor allem Industriehallen, Parkh\u00e4usern bzw. Tiefgaragen und Flugh\u00e4fen, sowie Br\u00fccken, Stra\u00dfen, Gehwegen und Privath\u00e4usern.<\/strong><\/p>\n\n\n\n<p><strong>Wir sind bereit, Ihnen mit all unserer Kraft, unserem Fachwissen und unserer Arbeitserfahrung Dienstleistungen im In- und Ausland zu erbringen.<\/strong><\/p>\n","protected":false},"excerpt":{"rendered":"<p>Wir begr\u00fc\u00dfen unsere lieben Kunden und danken Ihnen f\u00fcr Ihren Besuch auf unserer Website. Golden Betonfr\u00e4sen ist eine Oberfl\u00e4chentechnikfirma in K\u00f6ln, das von Herrn Souratgar in der Untergrundvorbehandlung im Bauwesen gef\u00fchrt wird. Unsere mehr als 10-j\u00e4hrige Berufserfahrung erm\u00f6glicht es uns, mit all unserer Kraft und mit detaillierter Planung und au\u00dferordentlicher Flexibilit\u00e4t zusammen mit unseren fachkundigen &hellip;<\/p>\n<p class=\"read-more\"> <a class=\"\" href=\"https:\/\/golden-betonfraesen.de\/index.php\/ueber-uns\/\"> <span class=\"screen-reader-text\">\u00fcber uns<\/span> Weiterlesen &raquo;<\/a><\/p>\n","protected":false},"author":1,"featured_media":0,"parent":0,"menu_order":0,"comment_status":"closed","ping_status":"closed","template":"","meta":{"site-sidebar-layout":"default","site-content-layout":"default","ast-global-header-display":"","ast-main-header-display":"","ast-hfb-above-header-display":"","ast-hfb-below-header-display":"","ast-hfb-mobile-header-display":"","site-post-title":"","ast-breadcrumbs-content":"","ast-featured-img":"","footer-sml-layout":"","theme-transparent-header-meta":"","adv-header-id-meta":"","stick-header-meta":"","header-above-stick-meta":"","header-main-stick-meta":"","header-below-stick-meta":"","footnotes":""},"class_list":["post-2","page","type-page","status-publish","hentry"],"jetpack_sharing_enabled":true,"_links":{"self":[{"href":"https:\/\/golden-betonfraesen.de\/index.php\/wp-json\/wp\/v2\/pages\/2","targetHints":{"allow":["GET"]}}],"collection":[{"href":"https:\/\/golden-betonfraesen.de\/index.php\/wp-json\/wp\/v2\/pages"}],"about":[{"href":"https:\/\/golden-betonfraesen.de\/index.php\/wp-json\/wp\/v2\/types\/page"}],"author":[{"embeddable":true,"href":"https:\/\/golden-betonfraesen.de\/index.php\/wp-json\/wp\/v2\/users\/1"}],"replies":[{"embeddable":true,"href":"https:\/\/golden-betonfraesen.de\/index.php\/wp-json\/wp\/v2\/comments?post=2"}],"version-history":[{"count":3,"href":"https:\/\/golden-betonfraesen.de\/index.php\/wp-json\/wp\/v2\/pages\/2\/revisions"}],"predecessor-version":[{"id":2597,"href":"https:\/\/golden-betonfraesen.de\/index.php\/wp-json\/wp\/v2\/pages\/2\/revisions\/2597"}],"wp:attachment":[{"href":"https:\/\/golden-betonfraesen.de\/index.php\/wp-json\/wp\/v2\/media?parent=2"}],"curies":[{"name":"wp","href":"https:\/\/api.w.org\/{rel}","templated":true}]}}