{"id":2569,"date":"2023-04-30T16:55:31","date_gmt":"2023-04-30T16:55:31","guid":{"rendered":"https:\/\/golden-betonfraesen.de\/?page_id=2569"},"modified":"2025-01-14T22:19:50","modified_gmt":"2025-01-14T22:19:50","slug":"belagsentfernung","status":"publish","type":"page","link":"https:\/\/golden-betonfraesen.de\/index.php\/belagsentfernung\/","title":{"rendered":"Belagsentfernung"},"content":{"rendered":"\t\t<div data-elementor-type=\"wp-page\" data-elementor-id=\"2569\" class=\"elementor elementor-2569\">\n\t\t\t\t<div class=\"elementor-element elementor-element-8de7253 e-flex e-con-boxed e-con e-parent\" data-id=\"8de7253\" data-element_type=\"container\">\n\t\t\t\t\t<div class=\"e-con-inner\">\n\t\t<div class=\"elementor-element elementor-element-0026929 e-con-full e-flex e-con e-child\" data-id=\"0026929\" data-element_type=\"container\">\n\t\t\t\t<div class=\"elementor-element elementor-element-2b73a6c elementor-invisible elementor-widget elementor-widget-heading\" data-id=\"2b73a6c\" data-element_type=\"widget\" data-settings=\"{&quot;_animation&quot;:&quot;fadeIn&quot;}\" data-widget_type=\"heading.default\">\n\t\t\t\t<div class=\"elementor-widget-container\">\n\t\t\t\t\t<h1 class=\"elementor-heading-title elementor-size-xl\">Belagsentfernung<\/h1>\t\t\t\t<\/div>\n\t\t\t\t<\/div>\n\t\t\t\t<\/div>\n\t\t<div class=\"elementor-element elementor-element-a706ac5 e-con-full e-flex e-con e-child\" data-id=\"a706ac5\" data-element_type=\"container\">\n\t\t\t\t<div class=\"elementor-element elementor-element-d978af5 elementor-invisible elementor-widget elementor-widget-image\" data-id=\"d978af5\" data-element_type=\"widget\" data-settings=\"{&quot;_animation&quot;:&quot;fadeIn&quot;}\" data-widget_type=\"image.default\">\n\t\t\t\t<div class=\"elementor-widget-container\">\n\t\t\t\t\t\t\t\t\t\t\t\t\t\t\t<img fetchpriority=\"high\" decoding=\"async\" width=\"431\" height=\"575\" src=\"https:\/\/golden-betonfraesen.de\/wp-content\/uploads\/2023\/05\/BMS220-ADB-431x575-1.jpg\" class=\"attachment-large size-large wp-image-2853\" alt=\"Belagentfernung\" srcset=\"https:\/\/golden-betonfraesen.de\/wp-content\/uploads\/2023\/05\/BMS220-ADB-431x575-1.jpg 431w, https:\/\/golden-betonfraesen.de\/wp-content\/uploads\/2023\/05\/BMS220-ADB-431x575-1-225x300.jpg 225w\" sizes=\"(max-width: 431px) 100vw, 431px\" \/>\t\t\t\t\t\t\t\t\t\t\t\t\t\t\t<\/div>\n\t\t\t\t<\/div>\n\t\t\t\t<\/div>\n\t\t\t\t\t<\/div>\n\t\t\t\t<\/div>\n\t\t<div class=\"elementor-element elementor-element-da7c0d1 e-flex e-con-boxed e-con e-parent\" data-id=\"da7c0d1\" data-element_type=\"container\">\n\t\t\t\t\t<div class=\"e-con-inner\">\n\t\t<div class=\"elementor-element elementor-element-37b0cdb e-con-full e-flex e-con e-child\" data-id=\"37b0cdb\" data-element_type=\"container\">\n\t\t\t\t<div class=\"elementor-element elementor-element-659c38d elementor-widget elementor-widget-text-editor\" data-id=\"659c38d\" data-element_type=\"widget\" data-widget_type=\"text-editor.default\">\n\t\t\t\t<div class=\"elementor-widget-container\">\n\t\t\t\t\t\t\t\t\t<p>Entfernen von Unebenheiten auf Bodenoberfl\u00e4chen, bei denen die Oberfl\u00e4che gegl\u00e4ttet und auf Hochglanz gebracht werden soll. Das verbessert die Optik, erh\u00f6ht die Langlebigkeit und Strapazierf\u00e4higkeit der B\u00f6den.<\/p><ul><li>Vorbereitung von B\u00f6den f\u00fcr Beschichtungen oder Versiegelungen<\/li><li>Entfernung von alten Bodenbel\u00e4gen, Klebstoffresten oder Beschichtungen<\/li><li>Gl\u00e4tten und Planieren von unebenen Beton- oder Estrichfl\u00e4chen<\/li><li>Hochglanzpolieren f\u00fcr eine langlebige, \u00e4sthetische Oberfl\u00e4che<\/li><\/ul>\t\t\t\t\t\t\t\t<\/div>\n\t\t\t\t<\/div>\n\t\t\t\t<\/div>\n\t\t<div class=\"elementor-element elementor-element-a57eb69 e-con-full e-flex e-con e-child\" data-id=\"a57eb69\" data-element_type=\"container\">\n\t\t\t\t<div class=\"elementor-element elementor-element-3bd6ea5 elementor-widget elementor-widget-image\" data-id=\"3bd6ea5\" data-element_type=\"widget\" data-widget_type=\"image.default\">\n\t\t\t\t<div class=\"elementor-widget-container\">\n\t\t\t\t\t\t\t\t\t\t\t\t\t\t\t<img decoding=\"async\" width=\"1024\" height=\"683\" src=\"https:\/\/golden-betonfraesen.de\/wp-content\/uploads\/2023\/05\/Belagentfernung-1024x683.webp\" class=\"attachment-large size-large wp-image-2871\" alt=\"Belagentfernung\" srcset=\"https:\/\/golden-betonfraesen.de\/wp-content\/uploads\/2023\/05\/Belagentfernung-1024x683.webp 1024w, https:\/\/golden-betonfraesen.de\/wp-content\/uploads\/2023\/05\/Belagentfernung-300x200.webp 300w, https:\/\/golden-betonfraesen.de\/wp-content\/uploads\/2023\/05\/Belagentfernung-768x512.webp 768w, https:\/\/golden-betonfraesen.de\/wp-content\/uploads\/2023\/05\/Belagentfernung-1536x1024.webp 1536w, https:\/\/golden-betonfraesen.de\/wp-content\/uploads\/2023\/05\/Belagentfernung-2048x1366.webp 2048w\" sizes=\"(max-width: 1024px) 100vw, 1024px\" \/>\t\t\t\t\t\t\t\t\t\t\t\t\t\t\t<\/div>\n\t\t\t\t<\/div>\n\t\t\t\t<div class=\"elementor-element elementor-element-ee9e8f5 elementor-widget elementor-widget-image\" data-id=\"ee9e8f5\" data-element_type=\"widget\" data-widget_type=\"image.default\">\n\t\t\t\t<div class=\"elementor-widget-container\">\n\t\t\t\t\t\t\t\t\t\t\t\t\t\t\t<img decoding=\"async\" width=\"1024\" height=\"680\" src=\"https:\/\/golden-betonfraesen.de\/wp-content\/uploads\/2023\/05\/60826-12854786-1024x680.webp\" class=\"attachment-large size-large wp-image-2876\" alt=\"Belagenfernung\" srcset=\"https:\/\/golden-betonfraesen.de\/wp-content\/uploads\/2023\/05\/60826-12854786-1024x680.webp 1024w, https:\/\/golden-betonfraesen.de\/wp-content\/uploads\/2023\/05\/60826-12854786-300x199.webp 300w, https:\/\/golden-betonfraesen.de\/wp-content\/uploads\/2023\/05\/60826-12854786-768x510.webp 768w, https:\/\/golden-betonfraesen.de\/wp-content\/uploads\/2023\/05\/60826-12854786-1536x1020.webp 1536w, https:\/\/golden-betonfraesen.de\/wp-content\/uploads\/2023\/05\/60826-12854786-2048x1360.webp 2048w\" sizes=\"(max-width: 1024px) 100vw, 1024px\" \/>\t\t\t\t\t\t\t\t\t\t\t\t\t\t\t<\/div>\n\t\t\t\t<\/div>\n\t\t\t\t<\/div>\n\t\t\t\t\t<\/div>\n\t\t\t\t<\/div>\n\t\t\t\t<\/div>\n\t\t","protected":false},"excerpt":{"rendered":"<p>Belagsentfernung Entfernen von Unebenheiten auf Bodenoberfl\u00e4chen, bei denen die Oberfl\u00e4che gegl\u00e4ttet und auf Hochglanz gebracht werden soll. Das verbessert die Optik, erh\u00f6ht die Langlebigkeit und Strapazierf\u00e4higkeit der B\u00f6den. Vorbereitung von B\u00f6den f\u00fcr Beschichtungen oder Versiegelungen Entfernung von alten Bodenbel\u00e4gen, Klebstoffresten oder Beschichtungen Gl\u00e4tten und Planieren von unebenen Beton- oder Estrichfl\u00e4chen Hochglanzpolieren f\u00fcr eine langlebige, \u00e4sthetische &hellip;<\/p>\n<p class=\"read-more\"> <a class=\"\" href=\"https:\/\/golden-betonfraesen.de\/index.php\/belagsentfernung\/\"> <span class=\"screen-reader-text\">Belagsentfernung<\/span> Weiterlesen &raquo;<\/a><\/p>\n","protected":false},"author":1,"featured_media":0,"parent":0,"menu_order":0,"comment_status":"closed","ping_status":"closed","template":"","meta":{"site-sidebar-layout":"no-sidebar","site-content-layout":"page-builder","ast-global-header-display":"","ast-main-header-display":"","ast-hfb-above-header-display":"","ast-hfb-below-header-display":"","ast-hfb-mobile-header-display":"","site-post-title":"disabled","ast-breadcrumbs-content":"","ast-featured-img":"disabled","footer-sml-layout":"","theme-transparent-header-meta":"","adv-header-id-meta":"","stick-header-meta":"","header-above-stick-meta":"","header-main-stick-meta":"","header-below-stick-meta":"","footnotes":""},"class_list":["post-2569","page","type-page","status-publish","hentry"],"jetpack_sharing_enabled":true,"_links":{"self":[{"href":"https:\/\/golden-betonfraesen.de\/index.php\/wp-json\/wp\/v2\/pages\/2569","targetHints":{"allow":["GET"]}}],"collection":[{"href":"https:\/\/golden-betonfraesen.de\/index.php\/wp-json\/wp\/v2\/pages"}],"about":[{"href":"https:\/\/golden-betonfraesen.de\/index.php\/wp-json\/wp\/v2\/types\/page"}],"author":[{"embeddable":true,"href":"https:\/\/golden-betonfraesen.de\/index.php\/wp-json\/wp\/v2\/users\/1"}],"replies":[{"embeddable":true,"href":"https:\/\/golden-betonfraesen.de\/index.php\/wp-json\/wp\/v2\/comments?post=2569"}],"version-history":[{"count":20,"href":"https:\/\/golden-betonfraesen.de\/index.php\/wp-json\/wp\/v2\/pages\/2569\/revisions"}],"predecessor-version":[{"id":3094,"href":"https:\/\/golden-betonfraesen.de\/index.php\/wp-json\/wp\/v2\/pages\/2569\/revisions\/3094"}],"wp:attachment":[{"href":"https:\/\/golden-betonfraesen.de\/index.php\/wp-json\/wp\/v2\/media?parent=2569"}],"curies":[{"name":"wp","href":"https:\/\/api.w.org\/{rel}","templated":true}]}}