{"id":2571,"date":"2023-04-30T16:55:53","date_gmt":"2023-04-30T16:55:53","guid":{"rendered":"https:\/\/golden-betonfraesen.de\/?page_id=2571"},"modified":"2023-05-14T09:18:04","modified_gmt":"2023-05-14T09:18:04","slug":"kugelstrahlen","status":"publish","type":"page","link":"https:\/\/golden-betonfraesen.de\/index.php\/kugelstrahlen\/","title":{"rendered":"Kugelstrahlen"},"content":{"rendered":"\t\t<div data-elementor-type=\"wp-page\" data-elementor-id=\"2571\" class=\"elementor elementor-2571\">\n\t\t\t\t<div class=\"elementor-element elementor-element-cf0f061 e-flex e-con-boxed e-con e-parent\" data-id=\"cf0f061\" data-element_type=\"container\">\n\t\t\t\t\t<div class=\"e-con-inner\">\n\t\t<div class=\"elementor-element elementor-element-9ad84c9 e-con-full e-flex e-con e-parent\" data-id=\"9ad84c9\" data-element_type=\"container\">\n\t\t\t\t<div class=\"elementor-element elementor-element-1b4c79f elementor-invisible elementor-widget elementor-widget-heading\" data-id=\"1b4c79f\" data-element_type=\"widget\" data-settings=\"{&quot;_animation&quot;:&quot;fadeIn&quot;}\" data-widget_type=\"heading.default\">\n\t\t\t\t<div class=\"elementor-widget-container\">\n\t\t\t\t\t<h2 class=\"elementor-heading-title elementor-size-xl\">Kugelstrahlen<\/h2>\t\t\t\t<\/div>\n\t\t\t\t<\/div>\n\t\t\t\t<\/div>\n\t\t<div class=\"elementor-element elementor-element-cd33e53 e-con-full e-flex e-con e-parent\" data-id=\"cd33e53\" data-element_type=\"container\">\n\t\t\t\t<div class=\"elementor-element elementor-element-8691a6b elementor-invisible elementor-widget elementor-widget-image\" data-id=\"8691a6b\" data-element_type=\"widget\" data-settings=\"{&quot;_animation&quot;:&quot;fadeIn&quot;}\" data-widget_type=\"image.default\">\n\t\t\t\t<div class=\"elementor-widget-container\">\n\t\t\t\t\t\t\t\t\t\t\t\t\t\t\t<img fetchpriority=\"high\" decoding=\"async\" width=\"1024\" height=\"906\" src=\"https:\/\/golden-betonfraesen.de\/wp-content\/uploads\/2023\/05\/Kugelstrahlen-15-resize-1024x906.jpg\" class=\"attachment-large size-large wp-image-2669\" alt=\"Kugelstrahlen\" srcset=\"https:\/\/golden-betonfraesen.de\/wp-content\/uploads\/2023\/05\/Kugelstrahlen-15-resize-1024x906.jpg 1024w, https:\/\/golden-betonfraesen.de\/wp-content\/uploads\/2023\/05\/Kugelstrahlen-15-resize-300x265.jpg 300w, https:\/\/golden-betonfraesen.de\/wp-content\/uploads\/2023\/05\/Kugelstrahlen-15-resize-768x679.jpg 768w, https:\/\/golden-betonfraesen.de\/wp-content\/uploads\/2023\/05\/Kugelstrahlen-15-resize-1536x1358.jpg 1536w, https:\/\/golden-betonfraesen.de\/wp-content\/uploads\/2023\/05\/Kugelstrahlen-15-resize-600x531.jpg 600w, https:\/\/golden-betonfraesen.de\/wp-content\/uploads\/2023\/05\/Kugelstrahlen-15-resize.jpg 1816w\" sizes=\"(max-width: 1024px) 100vw, 1024px\" \/>\t\t\t\t\t\t\t\t\t\t\t\t\t\t\t<\/div>\n\t\t\t\t<\/div>\n\t\t\t\t<\/div>\n\t\t\t\t\t<\/div>\n\t\t\t\t<\/div>\n\t\t<div class=\"elementor-element elementor-element-adc8372 e-flex e-con-boxed e-con e-parent\" data-id=\"adc8372\" data-element_type=\"container\">\n\t\t\t\t\t<div class=\"e-con-inner\">\n\t\t<div class=\"elementor-element elementor-element-dfbacd4 e-con-full e-flex e-con e-parent\" data-id=\"dfbacd4\" data-element_type=\"container\">\n\t\t\t\t<div class=\"elementor-element elementor-element-599ea52 elementor-widget elementor-widget-text-editor\" data-id=\"599ea52\" data-element_type=\"widget\" data-widget_type=\"text-editor.default\">\n\t\t\t\t<div class=\"elementor-widget-container\">\n\t\t\t\t\t\t\t\t\t<p class=\"p1\"><span class=\"s1\"><b>Kugelstrahlen \u2014 staubarmes und umweltschonendes Reinigen<\/b><\/span><br \/>Sie fragen sich, wie auch hartn\u00e4ckige Verschmutzungen oder beispielsweise eine Lackschicht effektiv entfernt werden k\u00f6nnen, ohne die Umwelt zu belasten? Die Arbeit mit Kugelstrahlen bietet diese M\u00f6glichkeit.<\/p><p class=\"p1\"><span class=\"s1\"><b>Wie funktioniert Kugelstrahlen?<\/b><\/span><br \/>Bei dieser Reinigungsmethode wird ein kugelf\u00f6rmiges Strahlmittel auf das zu behandelnde oder zu reinigende Objekt aufgestrahlt. Die hierf\u00fcr verwendete Reinigungsmaschine verf\u00fcgt \u00fcber ein Kreislaufsystem, welches das Strahlmittel und das Abfallgut sofort wieder aufnimmt. Letzteres wird von einer Filteranlage innerhalb der Maschine aufgefangen. Die Bestrahlung des Objekts erfolgt hierbei mit einem Druck in H\u00f6he von 2 bis 7 Bar.<\/p><p class=\"p1\"><span class=\"s1\"><b>Wozu wird die Kugelstrahlenreinigung eingesetzt?<\/b><\/span><br \/>Die Kugelstrahltechnik wird einerseits zum Entfernen von Beschichtungen aus Lack oder anderen resistenten Materialien verwendet. Ferner k\u00f6nnen Stra\u00dfen beziehungsweise Gehwege effektiv von Kaugummi und weiteren unerw\u00fcnschten Verschmutzungen befreit werden. Ein weiterer positiver Effekt ist, dass die derart behandelten Fl\u00e4chen nach der Bestrahlung rutschfester sind. Das Verfahren ist extrem umweltfreundlich, da auf die Beimischung von chemischen Reinigungsmitteln verzichtet wird. Allein das Strahlmittel s\u00e4ubert und behandelt das Objekt respektive die Fl\u00e4che. Wasser kommt ebenfalls nicht zum Einsatz. Die Kugelstrahlreinigung stellt damit eine \u00f6kologisch sinnvolle und wirksame Fl\u00e4chen- und Objektbehandlung dar.<\/p>\t\t\t\t\t\t\t\t<\/div>\n\t\t\t\t<\/div>\n\t\t\t\t<\/div>\n\t\t<div class=\"elementor-element elementor-element-3997e89 e-con-full e-flex e-con e-parent\" data-id=\"3997e89\" data-element_type=\"container\">\n\t\t\t\t<div class=\"elementor-element elementor-element-aed2d24 elementor-widget elementor-widget-image\" data-id=\"aed2d24\" data-element_type=\"widget\" data-widget_type=\"image.default\">\n\t\t\t\t<div class=\"elementor-widget-container\">\n\t\t\t\t\t\t\t\t\t\t\t\t\t\t\t<img decoding=\"async\" width=\"1024\" height=\"462\" src=\"https:\/\/golden-betonfraesen.de\/wp-content\/uploads\/2023\/05\/Kugelstrahlen-8-1024x462.jpg\" class=\"attachment-large size-large wp-image-2670\" alt=\"Kugelstrahlen\" srcset=\"https:\/\/golden-betonfraesen.de\/wp-content\/uploads\/2023\/05\/Kugelstrahlen-8-1024x462.jpg 1024w, https:\/\/golden-betonfraesen.de\/wp-content\/uploads\/2023\/05\/Kugelstrahlen-8-300x135.jpg 300w, https:\/\/golden-betonfraesen.de\/wp-content\/uploads\/2023\/05\/Kugelstrahlen-8-768x346.jpg 768w, https:\/\/golden-betonfraesen.de\/wp-content\/uploads\/2023\/05\/Kugelstrahlen-8-600x270.jpg 600w, https:\/\/golden-betonfraesen.de\/wp-content\/uploads\/2023\/05\/Kugelstrahlen-8.jpg 1280w\" sizes=\"(max-width: 1024px) 100vw, 1024px\" \/>\t\t\t\t\t\t\t\t\t\t\t\t\t\t\t<\/div>\n\t\t\t\t<\/div>\n\t\t\t\t<div class=\"elementor-element elementor-element-0b3002e elementor-widget elementor-widget-image\" data-id=\"0b3002e\" data-element_type=\"widget\" data-widget_type=\"image.default\">\n\t\t\t\t<div class=\"elementor-widget-container\">\n\t\t\t\t\t\t\t\t\t\t\t\t\t\t\t<img decoding=\"async\" width=\"461\" height=\"1024\" src=\"https:\/\/golden-betonfraesen.de\/wp-content\/uploads\/2023\/05\/Kugelstrahlen-18-1-461x1024.jpg\" class=\"attachment-large size-large wp-image-2672\" alt=\"Kugelstrahlen\" srcset=\"https:\/\/golden-betonfraesen.de\/wp-content\/uploads\/2023\/05\/Kugelstrahlen-18-1-461x1024.jpg 461w, https:\/\/golden-betonfraesen.de\/wp-content\/uploads\/2023\/05\/Kugelstrahlen-18-1-135x300.jpg 135w, https:\/\/golden-betonfraesen.de\/wp-content\/uploads\/2023\/05\/Kugelstrahlen-18-1-768x1705.jpg 768w, https:\/\/golden-betonfraesen.de\/wp-content\/uploads\/2023\/05\/Kugelstrahlen-18-1-692x1536.jpg 692w, https:\/\/golden-betonfraesen.de\/wp-content\/uploads\/2023\/05\/Kugelstrahlen-18-1-922x2048.jpg 922w, https:\/\/golden-betonfraesen.de\/wp-content\/uploads\/2023\/05\/Kugelstrahlen-18-1-600x1332.jpg 600w, https:\/\/golden-betonfraesen.de\/wp-content\/uploads\/2023\/05\/Kugelstrahlen-18-1-scaled.jpg 1153w\" sizes=\"(max-width: 461px) 100vw, 461px\" \/>\t\t\t\t\t\t\t\t\t\t\t\t\t\t\t<\/div>\n\t\t\t\t<\/div>\n\t\t\t\t<\/div>\n\t\t\t\t\t<\/div>\n\t\t\t\t<\/div>\n\t\t<div class=\"elementor-element elementor-element-e3f5ddc e-flex e-con-boxed e-con e-parent\" data-id=\"e3f5ddc\" data-element_type=\"container\">\n\t\t\t\t\t<div class=\"e-con-inner\">\n\t\t\t\t<div class=\"elementor-element elementor-element-416bddf elementor-widget elementor-widget-html\" data-id=\"416bddf\" data-element_type=\"widget\" data-widget_type=\"html.default\">\n\t\t\t\t<div class=\"elementor-widget-container\">\n\t\t\t\t\t     <br \/>\n      <iframe width=\"500px\" height=\"500px\" src=\"https:\/\/www.golden-betonfraesen.de\/Video\/Kugelstrahlen.mp4\" frameborder=\"0\" allowfullscreen><\/iframe>\n      <\/iframe>\t\t\t\t<\/div>\n\t\t\t\t<\/div>\n\t\t\t\t\t<\/div>\n\t\t\t\t<\/div>\n\t\t\t\t<\/div>\n\t\t","protected":false},"excerpt":{"rendered":"<p>Kugelstrahlen Kugelstrahlen \u2014 staubarmes und umweltschonendes ReinigenSie fragen sich, wie auch hartn\u00e4ckige Verschmutzungen oder beispielsweise eine Lackschicht effektiv entfernt werden k\u00f6nnen, ohne die Umwelt zu belasten? Die Arbeit mit Kugelstrahlen bietet diese M\u00f6glichkeit. Wie funktioniert Kugelstrahlen?Bei dieser Reinigungsmethode wird ein kugelf\u00f6rmiges Strahlmittel auf das zu behandelnde oder zu reinigende Objekt aufgestrahlt. Die hierf\u00fcr verwendete Reinigungsmaschine &hellip;<\/p>\n<p class=\"read-more\"> <a class=\"\" href=\"https:\/\/golden-betonfraesen.de\/index.php\/kugelstrahlen\/\"> <span class=\"screen-reader-text\">Kugelstrahlen<\/span> Weiterlesen &raquo;<\/a><\/p>\n","protected":false},"author":1,"featured_media":0,"parent":0,"menu_order":0,"comment_status":"closed","ping_status":"closed","template":"","meta":{"site-sidebar-layout":"no-sidebar","site-content-layout":"page-builder","ast-global-header-display":"","ast-main-header-display":"","ast-hfb-above-header-display":"","ast-hfb-below-header-display":"","ast-hfb-mobile-header-display":"","site-post-title":"disabled","ast-breadcrumbs-content":"","ast-featured-img":"disabled","footer-sml-layout":"","theme-transparent-header-meta":"","adv-header-id-meta":"","stick-header-meta":"","header-above-stick-meta":"","header-main-stick-meta":"","header-below-stick-meta":"","footnotes":""},"class_list":["post-2571","page","type-page","status-publish","hentry"],"jetpack_sharing_enabled":true,"_links":{"self":[{"href":"https:\/\/golden-betonfraesen.de\/index.php\/wp-json\/wp\/v2\/pages\/2571","targetHints":{"allow":["GET"]}}],"collection":[{"href":"https:\/\/golden-betonfraesen.de\/index.php\/wp-json\/wp\/v2\/pages"}],"about":[{"href":"https:\/\/golden-betonfraesen.de\/index.php\/wp-json\/wp\/v2\/types\/page"}],"author":[{"embeddable":true,"href":"https:\/\/golden-betonfraesen.de\/index.php\/wp-json\/wp\/v2\/users\/1"}],"replies":[{"embeddable":true,"href":"https:\/\/golden-betonfraesen.de\/index.php\/wp-json\/wp\/v2\/comments?post=2571"}],"version-history":[{"count":19,"href":"https:\/\/golden-betonfraesen.de\/index.php\/wp-json\/wp\/v2\/pages\/2571\/revisions"}],"predecessor-version":[{"id":2835,"href":"https:\/\/golden-betonfraesen.de\/index.php\/wp-json\/wp\/v2\/pages\/2571\/revisions\/2835"}],"wp:attachment":[{"href":"https:\/\/golden-betonfraesen.de\/index.php\/wp-json\/wp\/v2\/media?parent=2571"}],"curies":[{"name":"wp","href":"https:\/\/api.w.org\/{rel}","templated":true}]}}