{"id":2573,"date":"2023-04-30T16:56:20","date_gmt":"2023-04-30T16:56:20","guid":{"rendered":"https:\/\/golden-betonfraesen.de\/?page_id=2573"},"modified":"2024-11-08T12:25:17","modified_gmt":"2024-11-08T12:25:17","slug":"sandstrahlen","status":"publish","type":"page","link":"https:\/\/golden-betonfraesen.de\/index.php\/sandstrahlen\/","title":{"rendered":"Sandstrahlen"},"content":{"rendered":"\t\t<div data-elementor-type=\"wp-page\" data-elementor-id=\"2573\" class=\"elementor elementor-2573\">\n\t\t\t\t<div class=\"elementor-element elementor-element-846d69b e-flex e-con-boxed e-con e-parent\" data-id=\"846d69b\" data-element_type=\"container\" data-e-type=\"container\">\n\t\t\t\t\t<div class=\"e-con-inner\">\n\t\t<div class=\"elementor-element elementor-element-b813513 e-con-full e-flex e-con e-child\" data-id=\"b813513\" data-element_type=\"container\" data-e-type=\"container\">\n\t\t\t\t<div class=\"elementor-element elementor-element-1423e1e elementor-invisible elementor-widget elementor-widget-heading\" data-id=\"1423e1e\" data-element_type=\"widget\" data-e-type=\"widget\" data-settings=\"{&quot;_animation&quot;:&quot;fadeIn&quot;}\" data-widget_type=\"heading.default\">\n\t\t\t\t<div class=\"elementor-widget-container\">\n\t\t\t\t\t<h2 class=\"elementor-heading-title elementor-size-default\">Sandstrahlen<\/h2>\t\t\t\t<\/div>\n\t\t\t\t<\/div>\n\t\t\t\t<\/div>\n\t\t<div class=\"elementor-element elementor-element-d21277d e-con-full e-flex e-con e-child\" data-id=\"d21277d\" data-element_type=\"container\" data-e-type=\"container\">\n\t\t\t\t<div class=\"elementor-element elementor-element-eb263aa elementor-invisible elementor-widget elementor-widget-image\" data-id=\"eb263aa\" data-element_type=\"widget\" data-e-type=\"widget\" data-settings=\"{&quot;_animation&quot;:&quot;fadeIn&quot;}\" data-widget_type=\"image.default\">\n\t\t\t\t<div class=\"elementor-widget-container\">\n\t\t\t\t\t\t\t\t\t\t\t\t\t\t\t<img fetchpriority=\"high\" decoding=\"async\" width=\"1024\" height=\"367\" src=\"https:\/\/golden-betonfraesen.de\/wp-content\/uploads\/2023\/05\/gebaeude_sandstrahlen_fassaden_reinigen_1170px-1024x367.webp\" class=\"attachment-large size-large wp-image-2865\" alt=\"Ein Mitarbeiter f\u00fchrt Sandstrahlen durch\" srcset=\"https:\/\/golden-betonfraesen.de\/wp-content\/uploads\/2023\/05\/gebaeude_sandstrahlen_fassaden_reinigen_1170px-1024x367.webp 1024w, https:\/\/golden-betonfraesen.de\/wp-content\/uploads\/2023\/05\/gebaeude_sandstrahlen_fassaden_reinigen_1170px-300x107.webp 300w, https:\/\/golden-betonfraesen.de\/wp-content\/uploads\/2023\/05\/gebaeude_sandstrahlen_fassaden_reinigen_1170px-768x275.webp 768w, https:\/\/golden-betonfraesen.de\/wp-content\/uploads\/2023\/05\/gebaeude_sandstrahlen_fassaden_reinigen_1170px.webp 1170w\" sizes=\"(max-width: 1024px) 100vw, 1024px\" \/>\t\t\t\t\t\t\t\t\t\t\t\t\t\t\t<\/div>\n\t\t\t\t<\/div>\n\t\t\t\t<\/div>\n\t\t\t\t\t<\/div>\n\t\t\t\t<\/div>\n\t\t<div class=\"elementor-element elementor-element-8096f0d e-flex e-con-boxed e-con e-parent\" data-id=\"8096f0d\" data-element_type=\"container\" data-e-type=\"container\">\n\t\t\t\t\t<div class=\"e-con-inner\">\n\t\t<div class=\"elementor-element elementor-element-31c1e32 e-con-full e-flex e-con e-child\" data-id=\"31c1e32\" data-element_type=\"container\" data-e-type=\"container\">\n\t\t\t\t<div class=\"elementor-element elementor-element-d3f71a2 elementor-widget elementor-widget-text-editor\" data-id=\"d3f71a2\" data-element_type=\"widget\" data-e-type=\"widget\" data-widget_type=\"text-editor.default\">\n\t\t\t\t<div class=\"elementor-widget-container\">\n\t\t\t\t\t\t\t\t\t<p class=\"p1\"><b>Abl\u00f6sen und Entfernen von Putzanhaftungen, Rost, Graffiti, Verschmutzungen oder Farbe an W\u00e4nden mit unterschiedlicher Beschaffenheit.<\/b><\/p><p class=\"p1\"><b>Anwendung:<\/b><\/p><ul class=\"ul1\"><li class=\"li1\"><b>Abl\u00f6sen\/Entfernen von Putzanhaftungen, Rost, Graffiti, Verschmutzungen oder Farbe an W\u00e4nden mit unterschiedlicher Beschaffenheit<\/b><\/li><li class=\"li1\"><b>Freilegen von Sichtbeton und Sichtmauerwerken aufgrund von Verschmutzungen<\/b><\/li><li class=\"li1\"><b>Reinigung von Fassaden in Gewerbehallen oder an Wohngeb\u00e4uden<\/b><\/li><\/ul><p class=\"p1\"><b>Untergrund:<\/b><\/p><ul class=\"ul1\"><li class=\"li1\"><b>Beton<\/b><\/li><li class=\"li1\"><b>Mauerwerk<\/b><\/li><li class=\"li1\"><b>Verputz<\/b><\/li><li class=\"li1\"><b>Stahl<\/b><\/li><li class=\"li1\"><b>Holz<\/b><\/li><\/ul><p class=\"p1\"><b>Vorteile:<\/b><\/p><ul class=\"ul1\"><li class=\"li1\"><b>Einsatz f\u00fcr W\u00e4nde und Deckenbereiche stark verunreinigt oder verrostet.<\/b><\/li><li class=\"li1\"><b>Herstellung einer gleichm\u00e4\u00dfigen und reinen Oberfl\u00e4che.<\/b><\/li><li class=\"li1\"><b>F\u00fcr schwer zug\u00e4ngliche Beschaffenheiten<\/b><\/li><\/ul>\t\t\t\t\t\t\t\t<\/div>\n\t\t\t\t<\/div>\n\t\t\t\t<\/div>\n\t\t<div class=\"elementor-element elementor-element-337a3b0 e-con-full e-flex e-con e-child\" data-id=\"337a3b0\" data-element_type=\"container\" data-e-type=\"container\">\n\t\t\t\t<div class=\"elementor-element elementor-element-8de3fe9 elementor-widget elementor-widget-image\" data-id=\"8de3fe9\" data-element_type=\"widget\" data-e-type=\"widget\" data-widget_type=\"image.default\">\n\t\t\t\t<div class=\"elementor-widget-container\">\n\t\t\t\t\t\t\t\t\t\t\t\t\t\t\t<img decoding=\"async\" width=\"1000\" height=\"667\" src=\"https:\/\/golden-betonfraesen.de\/wp-content\/uploads\/2023\/05\/sandstrahlen-selber-machen.jpg.webp\" class=\"attachment-large size-large wp-image-2881\" alt=\"Sandstrahlen\" srcset=\"https:\/\/golden-betonfraesen.de\/wp-content\/uploads\/2023\/05\/sandstrahlen-selber-machen.jpg.webp 1000w, https:\/\/golden-betonfraesen.de\/wp-content\/uploads\/2023\/05\/sandstrahlen-selber-machen.jpg-300x200.webp 300w, https:\/\/golden-betonfraesen.de\/wp-content\/uploads\/2023\/05\/sandstrahlen-selber-machen.jpg-768x512.webp 768w\" sizes=\"(max-width: 1000px) 100vw, 1000px\" \/>\t\t\t\t\t\t\t\t\t\t\t\t\t\t\t<\/div>\n\t\t\t\t<\/div>\n\t\t\t\t<\/div>\n\t\t\t\t\t<\/div>\n\t\t\t\t<\/div>\n\t\t\t\t<\/div>\n\t\t","protected":false},"excerpt":{"rendered":"<p>Sandstrahlen Abl\u00f6sen und Entfernen von Putzanhaftungen, Rost, Graffiti, Verschmutzungen oder Farbe an W\u00e4nden mit unterschiedlicher Beschaffenheit. Anwendung: Abl\u00f6sen\/Entfernen von Putzanhaftungen, Rost, Graffiti, Verschmutzungen oder Farbe an W\u00e4nden mit unterschiedlicher Beschaffenheit Freilegen von Sichtbeton und Sichtmauerwerken aufgrund von Verschmutzungen Reinigung von Fassaden in Gewerbehallen oder an Wohngeb\u00e4uden Untergrund: Beton Mauerwerk Verputz Stahl Holz Vorteile: Einsatz f\u00fcr &hellip;<\/p>\n<p class=\"read-more\"> <a class=\"\" href=\"https:\/\/golden-betonfraesen.de\/index.php\/sandstrahlen\/\"> <span class=\"screen-reader-text\">Sandstrahlen<\/span> Weiterlesen &raquo;<\/a><\/p>\n","protected":false},"author":1,"featured_media":0,"parent":0,"menu_order":0,"comment_status":"closed","ping_status":"closed","template":"","meta":{"site-sidebar-layout":"no-sidebar","site-content-layout":"page-builder","ast-global-header-display":"","ast-main-header-display":"","ast-hfb-above-header-display":"","ast-hfb-below-header-display":"","ast-hfb-mobile-header-display":"","site-post-title":"disabled","ast-breadcrumbs-content":"","ast-featured-img":"disabled","footer-sml-layout":"","theme-transparent-header-meta":"","adv-header-id-meta":"","stick-header-meta":"","header-above-stick-meta":"","header-main-stick-meta":"","header-below-stick-meta":"","footnotes":""},"class_list":["post-2573","page","type-page","status-publish","hentry"],"jetpack_sharing_enabled":true,"_links":{"self":[{"href":"https:\/\/golden-betonfraesen.de\/index.php\/wp-json\/wp\/v2\/pages\/2573","targetHints":{"allow":["GET"]}}],"collection":[{"href":"https:\/\/golden-betonfraesen.de\/index.php\/wp-json\/wp\/v2\/pages"}],"about":[{"href":"https:\/\/golden-betonfraesen.de\/index.php\/wp-json\/wp\/v2\/types\/page"}],"author":[{"embeddable":true,"href":"https:\/\/golden-betonfraesen.de\/index.php\/wp-json\/wp\/v2\/users\/1"}],"replies":[{"embeddable":true,"href":"https:\/\/golden-betonfraesen.de\/index.php\/wp-json\/wp\/v2\/comments?post=2573"}],"version-history":[{"count":16,"href":"https:\/\/golden-betonfraesen.de\/index.php\/wp-json\/wp\/v2\/pages\/2573\/revisions"}],"predecessor-version":[{"id":3031,"href":"https:\/\/golden-betonfraesen.de\/index.php\/wp-json\/wp\/v2\/pages\/2573\/revisions\/3031"}],"wp:attachment":[{"href":"https:\/\/golden-betonfraesen.de\/index.php\/wp-json\/wp\/v2\/media?parent=2573"}],"curies":[{"name":"wp","href":"https:\/\/api.w.org\/{rel}","templated":true}]}}