{"id":2575,"date":"2023-04-30T16:56:43","date_gmt":"2023-04-30T16:56:43","guid":{"rendered":"https:\/\/golden-betonfraesen.de\/?page_id=2575"},"modified":"2025-01-27T00:32:05","modified_gmt":"2025-01-27T00:32:05","slug":"schleifen-und-polieren","status":"publish","type":"page","link":"https:\/\/golden-betonfraesen.de\/index.php\/schleifen-und-polieren\/","title":{"rendered":"Schleifen-und-Polieren"},"content":{"rendered":"\t\t<div data-elementor-type=\"wp-page\" data-elementor-id=\"2575\" class=\"elementor elementor-2575\">\n\t\t\t\t<div class=\"elementor-element elementor-element-15406d4 e-flex e-con-boxed e-con e-parent\" data-id=\"15406d4\" data-element_type=\"container\" data-e-type=\"container\">\n\t\t\t\t\t<div class=\"e-con-inner\">\n\t\t<div class=\"elementor-element elementor-element-e1e11da e-con-full e-flex e-con e-child\" data-id=\"e1e11da\" data-element_type=\"container\" data-e-type=\"container\">\n\t\t\t\t<div class=\"elementor-element elementor-element-d938e4b elementor-invisible elementor-widget elementor-widget-heading\" data-id=\"d938e4b\" data-element_type=\"widget\" data-e-type=\"widget\" data-settings=\"{&quot;_animation&quot;:&quot;fadeIn&quot;}\" data-widget_type=\"heading.default\">\n\t\t\t\t<div class=\"elementor-widget-container\">\n\t\t\t\t\t<h2 class=\"elementor-heading-title elementor-size-default\">\n<span style=\"text-transform:none\">Schleifen und Polieren<\/span><\/h2>\t\t\t\t<\/div>\n\t\t\t\t<\/div>\n\t\t\t\t<\/div>\n\t\t<div class=\"elementor-element elementor-element-42eccd6 e-con-full e-flex e-con e-child\" data-id=\"42eccd6\" data-element_type=\"container\" data-e-type=\"container\">\n\t\t\t\t<div class=\"elementor-element elementor-element-76e415b elementor-invisible elementor-widget elementor-widget-image\" data-id=\"76e415b\" data-element_type=\"widget\" data-e-type=\"widget\" data-settings=\"{&quot;_animation&quot;:&quot;fadeIn&quot;}\" data-widget_type=\"image.default\">\n\t\t\t\t<div class=\"elementor-widget-container\">\n\t\t\t\t\t\t\t\t\t\t\t\t\t\t\t<img fetchpriority=\"high\" decoding=\"async\" width=\"1024\" height=\"461\" src=\"https:\/\/golden-betonfraesen.de\/wp-content\/uploads\/2023\/05\/schleifen-und-polieren-5-1024x461.jpg\" class=\"attachment-large size-large wp-image-2677\" alt=\"Schleifen und Polieren\" srcset=\"https:\/\/golden-betonfraesen.de\/wp-content\/uploads\/2023\/05\/schleifen-und-polieren-5-1024x461.jpg 1024w, https:\/\/golden-betonfraesen.de\/wp-content\/uploads\/2023\/05\/schleifen-und-polieren-5-300x135.jpg 300w, https:\/\/golden-betonfraesen.de\/wp-content\/uploads\/2023\/05\/schleifen-und-polieren-5-768x346.jpg 768w, https:\/\/golden-betonfraesen.de\/wp-content\/uploads\/2023\/05\/schleifen-und-polieren-5-600x270.jpg 600w, https:\/\/golden-betonfraesen.de\/wp-content\/uploads\/2023\/05\/schleifen-und-polieren-5.jpg 1280w\" sizes=\"(max-width: 1024px) 100vw, 1024px\" \/>\t\t\t\t\t\t\t\t\t\t\t\t\t\t\t<\/div>\n\t\t\t\t<\/div>\n\t\t\t\t<\/div>\n\t\t\t\t\t<\/div>\n\t\t\t\t<\/div>\n\t\t<div class=\"elementor-element elementor-element-ce4ca1d e-flex e-con-boxed e-con e-parent\" data-id=\"ce4ca1d\" data-element_type=\"container\" data-e-type=\"container\">\n\t\t\t\t\t<div class=\"e-con-inner\">\n\t\t<div class=\"elementor-element elementor-element-7158a72 e-con-full e-flex e-con e-child\" data-id=\"7158a72\" data-element_type=\"container\" data-e-type=\"container\">\n\t\t\t\t<div class=\"elementor-element elementor-element-5b9ff2e elementor-widget elementor-widget-text-editor\" data-id=\"5b9ff2e\" data-element_type=\"widget\" data-e-type=\"widget\" data-widget_type=\"text-editor.default\">\n\t\t\t\t<div class=\"elementor-widget-container\">\n\t\t\t\t\t\t\t\t\t<p>Das Schleifen und Polieren von B\u00f6den ist eine effektive Methode, um Oberfl\u00e4chen gr\u00fcndlich zu bearbeiten und wiederherzustellen.<\/p>\n<ul>\n<li>Abl\u00f6sen und Entfernen von Putzanhaftungen, Rost, Graffiti, Verschmutzungen oder Farbschichten an W\u00e4nden mit unterschiedlicher Beschaffenheit.<\/li>\n<li>Freilegen von Sichtbeton und Sichtmauerwerken, die durch Verschmutzungen beeintr\u00e4chtigt sind.&nbsp;<\/li>\n<li>\n<li>Reinigung von Fassaden in Gewerbehallen und an Wohngeb\u00e4uden.<\/li>\n<li>Gl\u00e4tten und Polieren von B\u00f6den zur Wiederherstellung und Veredelung der Oberfl\u00e4che.<\/li>\n<\/li>\n<\/ul>\t\t\t\t\t\t\t\t<\/div>\n\t\t\t\t<\/div>\n\t\t\t\t<\/div>\n\t\t<div class=\"elementor-element elementor-element-a4ebc23 e-con-full e-flex e-con e-child\" data-id=\"a4ebc23\" data-element_type=\"container\" data-e-type=\"container\">\n\t\t\t\t<div class=\"elementor-element elementor-element-9a97266 elementor-widget elementor-widget-image\" data-id=\"9a97266\" data-element_type=\"widget\" data-e-type=\"widget\" data-widget_type=\"image.default\">\n\t\t\t\t<div class=\"elementor-widget-container\">\n\t\t\t\t\t\t\t\t\t\t\t\t\t\t\t<img decoding=\"async\" width=\"768\" height=\"1024\" src=\"https:\/\/golden-betonfraesen.de\/wp-content\/uploads\/2023\/05\/schleifen-und-polieren-2-768x1024.jpg\" class=\"attachment-large size-large wp-image-2678\" alt=\"Schleifen und Polieren\" srcset=\"https:\/\/golden-betonfraesen.de\/wp-content\/uploads\/2023\/05\/schleifen-und-polieren-2-768x1024.jpg 768w, https:\/\/golden-betonfraesen.de\/wp-content\/uploads\/2023\/05\/schleifen-und-polieren-2-225x300.jpg 225w, https:\/\/golden-betonfraesen.de\/wp-content\/uploads\/2023\/05\/schleifen-und-polieren-2-600x800.jpg 600w, https:\/\/golden-betonfraesen.de\/wp-content\/uploads\/2023\/05\/schleifen-und-polieren-2.jpg 960w\" sizes=\"(max-width: 768px) 100vw, 768px\" \/>\t\t\t\t\t\t\t\t\t\t\t\t\t\t\t<\/div>\n\t\t\t\t<\/div>\n\t\t\t\t<\/div>\n\t\t\t\t\t<\/div>\n\t\t\t\t<\/div>\n\t\t\t\t<\/div>\n\t\t","protected":false},"excerpt":{"rendered":"<p>Schleifen und Polieren Das Schleifen und Polieren von B\u00f6den ist eine effektive Methode, um Oberfl\u00e4chen gr\u00fcndlich zu bearbeiten und wiederherzustellen. Abl\u00f6sen und Entfernen von Putzanhaftungen, Rost, Graffiti, Verschmutzungen oder Farbschichten an W\u00e4nden mit unterschiedlicher Beschaffenheit. Freilegen von Sichtbeton und Sichtmauerwerken, die durch Verschmutzungen beeintr\u00e4chtigt sind.&nbsp; Reinigung von Fassaden in Gewerbehallen und an Wohngeb\u00e4uden. Gl\u00e4tten und &hellip;<\/p>\n<p class=\"read-more\"> <a class=\"\" href=\"https:\/\/golden-betonfraesen.de\/index.php\/schleifen-und-polieren\/\"> <span class=\"screen-reader-text\">Schleifen-und-Polieren<\/span> Weiterlesen &raquo;<\/a><\/p>\n","protected":false},"author":1,"featured_media":0,"parent":0,"menu_order":0,"comment_status":"closed","ping_status":"closed","template":"","meta":{"site-sidebar-layout":"no-sidebar","site-content-layout":"page-builder","ast-global-header-display":"","ast-main-header-display":"","ast-hfb-above-header-display":"","ast-hfb-below-header-display":"","ast-hfb-mobile-header-display":"","site-post-title":"disabled","ast-breadcrumbs-content":"","ast-featured-img":"disabled","footer-sml-layout":"","theme-transparent-header-meta":"","adv-header-id-meta":"","stick-header-meta":"","header-above-stick-meta":"","header-main-stick-meta":"","header-below-stick-meta":"","footnotes":""},"class_list":["post-2575","page","type-page","status-publish","hentry"],"jetpack_sharing_enabled":true,"_links":{"self":[{"href":"https:\/\/golden-betonfraesen.de\/index.php\/wp-json\/wp\/v2\/pages\/2575","targetHints":{"allow":["GET"]}}],"collection":[{"href":"https:\/\/golden-betonfraesen.de\/index.php\/wp-json\/wp\/v2\/pages"}],"about":[{"href":"https:\/\/golden-betonfraesen.de\/index.php\/wp-json\/wp\/v2\/types\/page"}],"author":[{"embeddable":true,"href":"https:\/\/golden-betonfraesen.de\/index.php\/wp-json\/wp\/v2\/users\/1"}],"replies":[{"embeddable":true,"href":"https:\/\/golden-betonfraesen.de\/index.php\/wp-json\/wp\/v2\/comments?post=2575"}],"version-history":[{"count":16,"href":"https:\/\/golden-betonfraesen.de\/index.php\/wp-json\/wp\/v2\/pages\/2575\/revisions"}],"predecessor-version":[{"id":3104,"href":"https:\/\/golden-betonfraesen.de\/index.php\/wp-json\/wp\/v2\/pages\/2575\/revisions\/3104"}],"wp:attachment":[{"href":"https:\/\/golden-betonfraesen.de\/index.php\/wp-json\/wp\/v2\/media?parent=2575"}],"curies":[{"name":"wp","href":"https:\/\/api.w.org\/{rel}","templated":true}]}}